{"id":49305,"date":"2020-09-23T11:55:01","date_gmt":"2020-09-23T09:55:01","guid":{"rendered":"http:\/\/feina.jovesilles.net\/empresas\/"},"modified":"2020-09-23T16:59:07","modified_gmt":"2020-09-23T14:59:07","slug":"empresas","status":"publish","type":"page","link":"https:\/\/feina.jovesilles.net\/es\/empresas\/","title":{"rendered":"Empresas"},"content":{"rendered":"<p>[et_pb_section fb_built=\u00bb1&#8243; _builder_version=\u00bb4.5.2&#8243; _module_preset=\u00bbdefault\u00bb][et_pb_row _builder_version=\u00bb4.5.2&#8243; _module_preset=\u00bbdefault\u00bb width=\u00bb100%\u00bb custom_padding=\u00bb0px||0px||false|false\u00bb][et_pb_column type=\u00bb4_4&#8243; _builder_version=\u00bb4.5.2&#8243; _module_preset=\u00bbdefault\u00bb][et_pb_text _builder_version=\u00bb4.5.2&#8243; _module_preset=\u00bbdefault\u00bb text_font=\u00bbBlogger||||||||\u00bb text_font_size=\u00bb15px\u00bb background_color=\u00bb#dbeaf6&#8243; custom_margin=\u00bb||||false|false\u00bb custom_padding=\u00bb5px|13px|5px|13px|true|true\u00bb]<\/p>\n<p>FUNCIONAMIENTO DE LA BOLSA DE TRABAJO<\/p>\n<p>[\/et_pb_text][\/et_pb_column][\/et_pb_row][et_pb_row _builder_version=\u00bb4.5.2&#8243; _module_preset=\u00bbdefault\u00bb width=\u00bb100%\u00bb custom_padding=\u00bb|14px|5px|14px|false|true\u00bb border_width_all=\u00bb1px\u00bb border_color_all=\u00bb#dbeaf6&#8243;][et_pb_column type=\u00bb4_4&#8243; _builder_version=\u00bb4.5.2&#8243; _module_preset=\u00bbdefault\u00bb][et_pb_text _builder_version=\u00bb4.5.2&#8243; _module_preset=\u00bbdefault\u00bb text_font=\u00bbDIN|200|||||||\u00bb text_text_color=\u00bb#4b4b4b\u00bb text_font_size=\u00bb15px\u00bb custom_padding=\u00bb|5px||5px|false|true\u00bb]<\/p>\n<ul>\n<li>Es un servicio totalmente gratuito.<\/li>\n<li>El servicio puede ser utilizado por empresas privadas o p\u00fablicas, entidades sin \u00e1nimo de lucro, ONG, etc. siempre que ofrezcan un trabajo remunerado y con el contrato o relaci\u00f3n laboral pertinente.<\/li>\n<li>Las ofertas se formalizar\u00e1n en el formulario adjunto, no se aceptar\u00e1n ofertas por tel\u00e9fono.<\/li>\n<li>La empresa autoriza a Infojove a publicar la oferta en la web de la bolsa: http:\/\/feina.jovesilles.net y en sus redes sociales, el tiempo que \u00e9sta est\u00e9 vigente.<\/li>\n<li>Infojove s\u00f3lo hace difusi\u00f3n de las ofertas, la empresa es responsable de la selecci\u00f3n y debe publicar un correo electr\u00f3nico para recibir los CV directamente.<\/li>\n<li>La empresa se compromete a colaborar con el personal de Infojove para hacer el seguimiento de la oferta.<\/li>\n<li>Infojove se reserva el derecho de dar de baja las ofertas que no puedan ser cubiertas en un tiempo suficiente.<\/li>\n<li>El env\u00edo de la oferta a Infojove, supone la aceptaci\u00f3n de las condiciones de funcionamiento de la bolsa.<\/li>\n<\/ul>\n<p>[\/et_pb_text][\/et_pb_column][\/et_pb_row][et_pb_row _builder_version=\u00bb4.5.2&#8243; _module_preset=\u00bbdefault\u00bb width=\u00bb100%\u00bb custom_padding=\u00bb0px||0px||false|false\u00bb][et_pb_column type=\u00bb4_4&#8243; _builder_version=\u00bb4.5.2&#8243; _module_preset=\u00bbdefault\u00bb][et_pb_text _builder_version=\u00bb4.5.2&#8243; _module_preset=\u00bbdefault\u00bb text_font=\u00bbBlogger||||||||\u00bb text_font_size=\u00bb15px\u00bb background_color=\u00bb#dbeaf6&#8243; custom_margin=\u00bb||||false|false\u00bb custom_padding=\u00bb5px|13px|5px|13px|true|true\u00bb]<\/p>\n<p>OFERTA DE TRABAJO \/ REQUISITOS<\/p>\n<p>[\/et_pb_text][\/et_pb_column][\/et_pb_row][et_pb_row _builder_version=\u00bb4.5.2&#8243; _module_preset=\u00bbdefault\u00bb width=\u00bb100%\u00bb border_width_all=\u00bb1px\u00bb border_color_all=\u00bb#dbeaf6&#8243;][et_pb_column type=\u00bb4_4&#8243; _builder_version=\u00bb4.5.2&#8243; _module_preset=\u00bbdefault\u00bb][et_pb_text _builder_version=\u00bb4.6.3&#8243; _module_preset=\u00bbdefault\u00bb width=\u00bb100%\u00bb custom_margin=\u00bb||||false|false\u00bb hover_enabled=\u00bb0&#8243; sticky_enabled=\u00bb0&#8243;]<\/p>\n\n<div class=\"wpcf7 no-js\" id=\"wpcf7-f49538-o1\" lang=\"es-ES\" dir=\"ltr\" data-wpcf7-id=\"49538\">\n<div class=\"screen-reader-response\"><p role=\"status\" aria-live=\"polite\" aria-atomic=\"true\"><\/p> <ul><\/ul><\/div>\n<form action=\"\/es\/wp-json\/wp\/v2\/pages\/49305#wpcf7-f49538-o1\" method=\"post\" class=\"wpcf7-form init\" aria-label=\"Formulario de contacto\" novalidate=\"novalidate\" data-status=\"init\">\n<fieldset class=\"hidden-fields-container\"><input type=\"hidden\" name=\"_wpcf7\" value=\"49538\" \/><input type=\"hidden\" name=\"_wpcf7_version\" value=\"6.1.5\" \/><input type=\"hidden\" name=\"_wpcf7_locale\" value=\"es_ES\" \/><input type=\"hidden\" name=\"_wpcf7_unit_tag\" value=\"wpcf7-f49538-o1\" \/><input type=\"hidden\" name=\"_wpcf7_container_post\" value=\"0\" \/><input type=\"hidden\" name=\"_wpcf7_posted_data_hash\" value=\"\" \/>\n<\/fieldset>\n<p><label> Fecha*<br \/>\n<span class=\"wpcf7-form-control-wrap\" data-name=\"data\"><input class=\"wpcf7-form-control wpcf7-date wpcf7-validates-as-required wpcf7-validates-as-date\" aria-required=\"true\" aria-invalid=\"false\" value=\"\" type=\"date\" name=\"data\" \/><\/span><\/label>\n<\/p>\n<p><label> Lugar a cubrir*<br \/>\n<span class=\"wpcf7-form-control-wrap\" data-name=\"oferte\"><input size=\"40\" maxlength=\"400\" class=\"wpcf7-form-control wpcf7-text wpcf7-validates-as-required size2_3\" aria-required=\"true\" aria-invalid=\"false\" value=\"\" type=\"text\" name=\"oferte\" \/><\/span> <\/label>\n<\/p>\n<p><label> N\u00ba Vacantes*<br \/>\n<span class=\"wpcf7-form-control-wrap\" data-name=\"vacants\"><input class=\"wpcf7-form-control wpcf7-number wpcf7-validates-as-required wpcf7-validates-as-number size1_3\" min=\"1\" aria-required=\"true\" aria-invalid=\"false\" value=\"\" type=\"number\" name=\"vacants\" \/><\/span> <\/label>\n<\/p>\n<p><label> Funciones principales*<br \/>\n<span class=\"wpcf7-form-control-wrap\" data-name=\"funcions\"><textarea cols=\"40\" rows=\"10\" maxlength=\"2000\" class=\"wpcf7-form-control wpcf7-textarea wpcf7-validates-as-required\" aria-required=\"true\" aria-invalid=\"false\" name=\"funcions\"><\/textarea><\/span> <\/label>\n<\/p>\n<p><label> Formaci\u00f3n \/ Titulaci\u00f3n*<br \/>\n<span class=\"wpcf7-form-control-wrap\" data-name=\"titulacio\"><input size=\"40\" maxlength=\"400\" class=\"wpcf7-form-control wpcf7-text wpcf7-validates-as-required\" aria-required=\"true\" aria-invalid=\"false\" value=\"\" type=\"text\" name=\"titulacio\" \/><\/span> <\/label>\n<\/p>\n<p><label> Inform\u00e1tica<br \/>\n<span class=\"wpcf7-form-control-wrap\" data-name=\"informatica\"><input size=\"40\" maxlength=\"400\" class=\"wpcf7-form-control wpcf7-text\" aria-invalid=\"false\" value=\"\" type=\"text\" name=\"informatica\" \/><\/span> <\/label>\n<\/p>\n<p><label> Idiomas<br \/>\n<span class=\"wpcf7-form-control-wrap\" data-name=\"idiomes\"><input size=\"40\" maxlength=\"400\" class=\"wpcf7-form-control wpcf7-text\" aria-invalid=\"false\" value=\"\" type=\"text\" name=\"idiomes\" \/><\/span> <\/label>\n<\/p>\n<p><label> Experiencia<br \/>\n<span class=\"wpcf7-form-control-wrap\" data-name=\"experiencia\"><textarea cols=\"40\" rows=\"10\" maxlength=\"2000\" class=\"wpcf7-form-control wpcf7-textarea\" aria-invalid=\"false\" name=\"experiencia\"><\/textarea><\/span> <\/label>\n<\/p>\n<p>Permiso de conducir <span class=\"wpcf7-form-control-wrap\" data-name=\"permis\"><span class=\"wpcf7-form-control wpcf7-radio size1_2\"><span class=\"wpcf7-list-item first\"><input type=\"radio\" name=\"permis\" value=\"Si\" checked=\"checked\" \/><span class=\"wpcf7-list-item-label\">Si<\/span><\/span><span class=\"wpcf7-list-item last\"><input type=\"radio\" name=\"permis\" value=\"No\" \/><span class=\"wpcf7-list-item-label\">No<\/span><\/span><\/span><\/span>\n<\/p>\n<p>Vehiculo propio <span class=\"wpcf7-form-control-wrap\" data-name=\"vehicle\"><span class=\"wpcf7-form-control wpcf7-radio size1_2\"><span class=\"wpcf7-list-item first\"><input type=\"radio\" name=\"vehicle\" value=\"Si\" checked=\"checked\" \/><span class=\"wpcf7-list-item-label\">Si<\/span><\/span><span class=\"wpcf7-list-item last\"><input type=\"radio\" name=\"vehicle\" value=\"No\" \/><span class=\"wpcf7-list-item-label\">No<\/span><\/span><\/span><\/span>\n<\/p>\n<p><label> Competencias personales, conocimientos espec\u00edficos, otras aptitudes<br \/>\n<span class=\"wpcf7-form-control-wrap\" data-name=\"competencies\"><textarea cols=\"40\" rows=\"10\" maxlength=\"2000\" class=\"wpcf7-form-control wpcf7-textarea\" aria-invalid=\"false\" name=\"competencies\"><\/textarea><\/span> <\/label>\n<\/p>\n<div class=\"subtitulo-form\">\n\t<p>OFERTA DE TRABAJO \/ CONDICIONES\n\t<\/p>\n<\/div>\n<p><label> Lugar de trabajo (zona geogr\u00e1fica)*<br \/>\n<span class=\"wpcf7-form-control-wrap\" data-name=\"lloc\"><input size=\"40\" maxlength=\"400\" class=\"wpcf7-form-control wpcf7-text wpcf7-validates-as-required\" aria-required=\"true\" aria-invalid=\"false\" value=\"\" type=\"text\" name=\"lloc\" \/><\/span> <\/label>\n<\/p>\n<p><label> Fecha de incorporaci\u00f3n*<br \/>\n<span class=\"wpcf7-form-control-wrap\" data-name=\"incorporacio\"><input size=\"40\" maxlength=\"400\" class=\"wpcf7-form-control wpcf7-text wpcf7-validates-as-required\" aria-required=\"true\" aria-invalid=\"false\" value=\"\" type=\"text\" name=\"incorporacio\" \/><\/span> <\/label>\n<\/p>\n<p><label> Horario*<br \/>\n<span class=\"wpcf7-form-control-wrap\" data-name=\"horari\"><input size=\"40\" maxlength=\"400\" class=\"wpcf7-form-control wpcf7-text wpcf7-validates-as-required\" aria-required=\"true\" aria-invalid=\"false\" value=\"\" type=\"text\" name=\"horari\" \/><\/span> <\/label>\n<\/p>\n<p><label> Tipus \/ Duraci\u00f3n contrato*<br \/>\n<span class=\"wpcf7-form-control-wrap\" data-name=\"durada\"><input size=\"40\" maxlength=\"400\" class=\"wpcf7-form-control wpcf7-text wpcf7-validates-as-required size2_3\" aria-required=\"true\" aria-invalid=\"false\" value=\"\" type=\"text\" name=\"durada\" \/><\/span> <\/label>\n<\/p>\n<p><label> Sueldo*<br \/>\n<span class=\"wpcf7-form-control-wrap\" data-name=\"sou\"><input size=\"40\" maxlength=\"400\" class=\"wpcf7-form-control wpcf7-text wpcf7-validates-as-required size1_3\" aria-required=\"true\" aria-invalid=\"false\" value=\"\" type=\"text\" name=\"sou\" \/><\/span> <\/label>\n<\/p>\n<div class=\"subtitulo-form\">\n\t<p>DATOS DE LA EMPRESA\n\t<\/p>\n<\/div>\n<p><label> Nombre de la empresa*<br \/>\n<span class=\"wpcf7-form-control-wrap\" data-name=\"empresa\"><input size=\"40\" maxlength=\"400\" class=\"wpcf7-form-control wpcf7-text wpcf7-validates-as-required\" aria-required=\"true\" aria-invalid=\"false\" value=\"\" type=\"text\" name=\"empresa\" \/><\/span> <\/label>\n<\/p>\n<p><label> Tipo empresa \/ Sector*<br \/>\n<span class=\"wpcf7-form-control-wrap\" data-name=\"sector\"><input size=\"40\" maxlength=\"400\" class=\"wpcf7-form-control wpcf7-text wpcf7-validates-as-required\" aria-required=\"true\" aria-invalid=\"false\" value=\"\" type=\"text\" name=\"sector\" \/><\/span> <\/label>\n<\/p>\n<p><label> Tipo \/ CIF \/ NIF*<br \/>\n<span class=\"wpcf7-form-control-wrap\" data-name=\"cif\"><input size=\"40\" maxlength=\"400\" class=\"wpcf7-form-control wpcf7-text wpcf7-validates-as-required size2_3\" aria-required=\"true\" aria-invalid=\"false\" value=\"\" type=\"text\" name=\"cif\" \/><\/span> <\/label>\n<\/p>\n<p><label> Persona de contacto*<br \/>\n<span class=\"wpcf7-form-control-wrap\" data-name=\"contacto\"><input size=\"40\" maxlength=\"400\" class=\"wpcf7-form-control wpcf7-text wpcf7-validates-as-required size1_3\" aria-required=\"true\" aria-invalid=\"false\" value=\"\" type=\"text\" name=\"contacto\" \/><\/span> <\/label>\n<\/p>\n<p><label> Direcci\u00f3n*<br \/>\n<span class=\"wpcf7-form-control-wrap\" data-name=\"adreca\"><input size=\"40\" maxlength=\"400\" class=\"wpcf7-form-control wpcf7-text wpcf7-validates-as-required\" aria-required=\"true\" aria-invalid=\"false\" value=\"\" type=\"text\" name=\"adreca\" \/><\/span> <\/label>\n<\/p>\n<p><label> Tel\u00e9fono 1*<br \/>\n<span class=\"wpcf7-form-control-wrap\" data-name=\"tel-1\"><input size=\"40\" maxlength=\"400\" class=\"wpcf7-form-control wpcf7-tel wpcf7-validates-as-required wpcf7-text wpcf7-validates-as-tel size1_2\" aria-required=\"true\" aria-invalid=\"false\" value=\"\" type=\"tel\" name=\"tel-1\" \/><\/span> <\/label>\n<\/p>\n<p><label> Tel\u00e9fono 2<br \/>\n<span class=\"wpcf7-form-control-wrap\" data-name=\"tel-2\"><input size=\"40\" maxlength=\"400\" class=\"wpcf7-form-control wpcf7-tel wpcf7-text wpcf7-validates-as-tel size1_2\" aria-invalid=\"false\" value=\"\" type=\"tel\" name=\"tel-2\" \/><\/span> <\/label>\n<\/p>\n<p><label> Correo electr\u00f3nico*<br \/>\n<span class=\"wpcf7-form-control-wrap\" data-name=\"email\"><input size=\"40\" maxlength=\"400\" class=\"wpcf7-form-control wpcf7-email wpcf7-validates-as-required wpcf7-text wpcf7-validates-as-email\" aria-required=\"true\" aria-invalid=\"false\" value=\"\" type=\"email\" name=\"email\" \/><\/span><\/label>\n<\/p>\n<p><label> Web<br \/>\n<span class=\"wpcf7-form-control-wrap\" data-name=\"web\"><input size=\"40\" maxlength=\"400\" class=\"wpcf7-form-control wpcf7-text\" aria-invalid=\"false\" value=\"\" type=\"text\" name=\"web\" \/><\/span> <\/label>\n<\/p>\n<div class=\"aclaracion\">\n\t<p>*estos datos no se publicar\u00e1n\n\t<\/p>\n<\/div>\n<div class=\"subtitulo-form\">\n\t<p>SELECCI\u00d3N\n\t<\/p>\n<\/div>\n<p><label> Correo electr\u00f3nico a publicar<br \/>\n<span class=\"wpcf7-form-control-wrap\" data-name=\"email-publicable\"><input size=\"40\" maxlength=\"400\" class=\"wpcf7-form-control wpcf7-email wpcf7-text wpcf7-validates-as-email\" aria-invalid=\"false\" value=\"\" type=\"email\" name=\"email-publicable\" \/><\/span> <\/label>\n<\/p>\n<p><label> DFecha l\u00edmite de publicaci\u00f3n de la oferta*<br \/>\n<span class=\"wpcf7-form-control-wrap\" data-name=\"data-limit\"><input class=\"wpcf7-form-control wpcf7-date wpcf7-validates-as-required wpcf7-validates-as-date\" aria-required=\"true\" aria-invalid=\"false\" value=\"\" type=\"date\" name=\"data-limit\" \/><\/span><\/label>\n<\/p>\n<p><input class=\"wpcf7-form-control wpcf7-submit has-spinner\" type=\"submit\" value=\"Enviar\" \/>\n<\/p><div class=\"wpcf7-response-output\" aria-hidden=\"true\"><\/div>\n<\/form>\n<\/div>\n\n<p>[\/et_pb_text][\/et_pb_column][\/et_pb_row][\/et_pb_section]<\/p>\n","protected":false},"excerpt":{"rendered":"<p>FUNCIONAMIENTO DE LA BOLSA DE TRABAJO Es un servicio totalmente gratuito. El servicio puede ser utilizado por empresas privadas o p\u00fablicas, entidades sin \u00e1nimo de lucro, ONG, etc. siempre que ofrezcan un trabajo remunerado y con el contrato o relaci\u00f3n laboral pertinente. Las ofertas se formalizar\u00e1n en el formulario adjunto, no se aceptar\u00e1n ofertas por [&hellip;]<\/p>\n","protected":false},"author":1,"featured_media":0,"parent":0,"menu_order":0,"comment_status":"closed","ping_status":"closed","template":"","meta":{"_acf_changed":false,"_et_pb_use_builder":"on","_et_pb_old_content":"","_et_gb_content_width":"","footnotes":""},"class_list":["post-49305","page","type-page","status-publish","hentry"],"acf":[],"publishpress_future_workflow_manual_trigger":{"enabledWorkflows":[]},"_links":{"self":[{"href":"https:\/\/feina.jovesilles.net\/es\/wp-json\/wp\/v2\/pages\/49305","targetHints":{"allow":["GET"]}}],"collection":[{"href":"https:\/\/feina.jovesilles.net\/es\/wp-json\/wp\/v2\/pages"}],"about":[{"href":"https:\/\/feina.jovesilles.net\/es\/wp-json\/wp\/v2\/types\/page"}],"author":[{"embeddable":true,"href":"https:\/\/feina.jovesilles.net\/es\/wp-json\/wp\/v2\/users\/1"}],"replies":[{"embeddable":true,"href":"https:\/\/feina.jovesilles.net\/es\/wp-json\/wp\/v2\/comments?post=49305"}],"version-history":[{"count":5,"href":"https:\/\/feina.jovesilles.net\/es\/wp-json\/wp\/v2\/pages\/49305\/revisions"}],"predecessor-version":[{"id":49539,"href":"https:\/\/feina.jovesilles.net\/es\/wp-json\/wp\/v2\/pages\/49305\/revisions\/49539"}],"wp:attachment":[{"href":"https:\/\/feina.jovesilles.net\/es\/wp-json\/wp\/v2\/media?parent=49305"}],"curies":[{"name":"wp","href":"https:\/\/api.w.org\/{rel}","templated":true}]}}